{"id":15,"date":"2023-08-28T15:34:25","date_gmt":"2023-08-28T15:34:25","guid":{"rendered":"https:\/\/bikinitumbler.ch\/?page_id=15"},"modified":"2024-05-23T10:09:17","modified_gmt":"2024-05-23T10:09:17","slug":"impressum","status":"publish","type":"page","link":"https:\/\/bikinitrockner.com\/index.php\/impressum\/","title":{"rendered":"Impressum"},"content":{"rendered":"<p class=\"adsimple-122669519\">Angaben gem\u00e4\u00df Informationspflicht laut \u00a75 E-Commerce Gesetz, \u00a714 Unternehmensgesetzbuch, \u00a763 Gewerbeordnung und Offenlegungspflicht laut \u00a725 Mediengesetz.<\/p>\n<p class=\"adsimple-122669519\">Baldauf Invest GmbH<br \/>\nUntergiblen 36,<br \/>\n6652 Elbigenalp,<br \/>\nAUSTRIA<\/p>\n<p class=\"adsimple-122669519\"><strong>Unternehmensgegenstand:<\/strong> Investition, Handel<br \/>\n<strong>UID-Nummer:<\/strong> ATU80456169<br \/>\n<strong>Firmenbuchnummer:<\/strong> 271 553v<br \/>\n<strong>Firmenbuchgericht:<\/strong> Innsbruck<br \/>\n<strong>Firmensitz:<\/strong> 6652 Elbigenalp<\/p>\n<p class=\"adsimple-122669519\"><strong>Tel.:<\/strong> +43 664 4503895<br \/>\n<strong>E-Mail:<\/strong> <a href=\"mailto:info@bikinitrockner.com\">info@bikinitrockner.com<\/a><\/p>\n<p class=\"adsimple-122669519\"><strong>Mitglied bei:<\/strong> WKO, Landesinnung, etc.<br \/>\n<strong>Berufsrecht:<\/strong> Gewerbeordnung: www.ris.bka.gv.at<\/p>\n<p class=\"adsimple-122669519\"><strong>Aufsichtsbeh\u00f6rde\/Gewerbebeh\u00f6rde:<\/strong> Bezirkshauptmannschaft Reutte<br \/>\n<strong>Berufsbezeichnung:<\/strong> Handel<br \/>\n<strong>Verleihungsstaat:<\/strong> \u00d6sterreich<\/p>\n<p class=\"adsimple-122669519\"><strong>Gesch\u00e4ftsf\u00fchrer<\/strong><br \/>\nMarius Baldauf<\/p>\n<p class=\"adsimple-122669519\"><strong>Kontaktdaten des Verantwortlichen f\u00fcr Datenschutz<\/strong><br \/>\nSollten Sie Fragen zum Datenschutz haben, finden Sie nachfolgend die Kontaktdaten der verantwortlichen Person bzw. Stelle:<br \/>\nMarius Baldauf<br \/>\nUntergiblen 36<br \/>\n6652 Elbigenalp<br \/>\nE-Mail-Adresse: <a href=\"mailto:info@bikinitrockner.com\">info@bikinitrockner.com<\/a><br \/>\nTelefon: +43 664 4503895<br \/>\nImpressum: <a href=\"https:\/\/bikinitrockner.com\/impressum\" target=\"_self\" rel=\"noopener\">https:\/\/bikinitrockner.com\/impressum<\/a><\/p>\n<h2 id=\"eu-streitschlichtung\" class=\"adsimple-122669519\">EU-Streitschlichtung<\/h2>\n<p>Gem\u00e4\u00df Verordnung \u00fcber Online-Streitbeilegung in Verbraucherangelegenheiten (ODR-Verordnung) m\u00f6chten wir Sie \u00fcber die Online-Streitbeilegungsplattform (OS-Plattform) informieren.<br \/>\nVerbraucher haben die M\u00f6glichkeit, Beschwerden an die Online Streitbeilegungsplattform der Europ\u00e4ischen Kommission unter <a class=\"adsimple-122669519\" href=\"https:\/\/ec.europa.eu\/consumers\/odr\/main\/index.cfm?event=main.home2.show&amp;lng=DE\" target=\"_blank\" rel=\"follow noopener\">https:\/\/ec.europa.eu\/consumers\/odr\/main\/index.cfm?event=main.home2.show&amp;lng=DE<\/a> zu richten. Die daf\u00fcr notwendigen Kontaktdaten finden Sie oberhalb in unserem Impressum.<\/p>\n<p>Wir m\u00f6chten Sie jedoch darauf hinweisen, dass wir nicht bereit oder verpflichtet sind, an Streitbeilegungsverfahren vor einer Verbraucherschlichtungsstelle teilzunehmen.<\/p>\n<h2 id=\"haftung-fuer-inhalte-dieser-webseite\" class=\"adsimple-122669519\">Haftung f\u00fcr Inhalte dieser Website<\/h2>\n<p>Wir entwickeln die Inhalte dieser Website st\u00e4ndig weiter und bem\u00fchen uns korrekte und aktuelle Informationen bereitzustellen. Leider k\u00f6nnen wir keine Haftung f\u00fcr die Korrektheit aller Inhalte auf dieser Website \u00fcbernehmen, speziell f\u00fcr jene, die seitens Dritter bereitgestellt wurden. Als Diensteanbieter sind wir nicht verpflichtet, die von Ihnen \u00fcbermittelten oder gespeicherten Informationen zu \u00fcberwachen oder nach Umst\u00e4nden zu forschen, die auf eine rechtswidrige T\u00e4tigkeit hinweisen.<\/p>\n<p>Unsere Verpflichtungen zur Entfernung von Informationen oder zur Sperrung der Nutzung von Informationen nach den allgemeinen Gesetzen aufgrund von gerichtlichen oder beh\u00f6rdlichen Anordnungen bleiben auch im Falle unserer Nichtverantwortlichkeit davon unber\u00fchrt.<\/p>\n<p>Sollten Ihnen problematische oder rechtswidrige Inhalte auffallen, bitte wir Sie uns umgehend zu kontaktieren, damit wir die rechtswidrigen Inhalte entfernen k\u00f6nnen. Sie finden die Kontaktdaten im Impressum.<\/p>\n<h2 id=\"haftung-links-webseite\" class=\"adsimple-122669519\">Haftung f\u00fcr Links auf dieser Website<\/h2>\n<p>Unsere Website enth\u00e4lt Links zu anderen Websites f\u00fcr deren Inhalt wir nicht verantwortlich sind. Haftung f\u00fcr verlinkte Websites besteht f\u00fcr uns nicht, da wir keine Kenntnis rechtswidriger T\u00e4tigkeiten hatten und haben, uns solche Rechtswidrigkeiten auch bisher nicht aufgefallen sind und wir Links sofort entfernen w\u00fcrden, wenn uns Rechtswidrigkeiten bekannt werden.<\/p>\n<p>Wenn Ihnen rechtswidrige Links auf unserer Website auffallen, bitte wir Sie uns zu kontaktieren. Sie finden die Kontaktdaten im Impressum.<\/p>\n<h2 id=\"urheberrechtshinweis\" class=\"adsimple-122669519\">Urheberrechtshinweis<\/h2>\n<p>Alle Inhalte dieser Webseite (Bilder, Fotos, Texte, Videos) unterliegen dem Urheberrecht. Bitte fragen Sie uns bevor Sie die Inhalte dieser Website verbreiten, vervielf\u00e4ltigen oder verwerten wie zum Beispiel auf anderen Websites erneut ver\u00f6ffentlichen. Falls notwendig, werden wir die unerlaubte Nutzung von Teilen der Inhalte unserer Seite rechtlich verfolgen.<\/p>\n<p>Sollten Sie auf dieser Webseite Inhalte finden, die das Urheberrecht verletzen, bitten wir Sie uns zu kontaktieren.<\/p>\n<h2 id=\"bildernachweis\" class=\"adsimple-122669519\">Bildernachweis<\/h2>\n<p>Die Bilder, Fotos und Grafiken auf dieser Webseite sind urheberrechtlich gesch\u00fctzt.<\/p>\n<p>Die Bilderrechte liegen bei:<\/p>\n<p>\u00a9 Claudia Lindner, bergagentur.com<br \/>\n\u00a9 Swimsuit dryer company LTD<br \/>\n\u00a9 iStock Foto (YingYang, Pinopic)<\/p>\n<p>Alle Texte sind urheberrechtlich gesch\u00fctzt.<\/p>\n","protected":false},"excerpt":{"rendered":"<p>Angaben gem\u00e4\u00df Informationspflicht laut \u00a75 E-Commerce Gesetz, \u00a714 Unternehmensgesetzbuch, \u00a763 Gewerbeordnung und Offenlegungspflicht laut \u00a725 Mediengesetz. Baldauf Invest GmbH Untergiblen 36, 6652 Elbigenalp, AUSTRIA Unternehmensgegenstand: Investition, Handel UID-Nummer: ATU80456169 Firmenbuchnummer: 271 553v Firmenbuchgericht: Innsbruck Firmensitz: 6652 Elbigenalp Tel.: +43 664 4503895 E-Mail: info@bikinitrockner.com Mitglied bei: WKO, Landesinnung, etc. Berufsrecht: Gewerbeordnung: [&hellip;]<\/p>\n","protected":false},"author":3,"featured_media":538,"parent":0,"menu_order":0,"comment_status":"closed","ping_status":"closed","template":"","meta":{"inspiro_page_layout":"narrow","inspiro_hide_title":false,"footnotes":""},"class_list":["post-15","page","type-page","status-publish","has-post-thumbnail","hentry"],"yoast_head":"<!-- This site is optimized with the Yoast SEO plugin v27.4 - https:\/\/yoast.com\/product\/yoast-seo-wordpress\/ -->\n<title>Impressum - Bikinitrockner<\/title>\n<meta name=\"robots\" content=\"index, follow, max-snippet:-1, max-image-preview:large, max-video-preview:-1\" \/>\n<link rel=\"canonical\" href=\"https:\/\/bikinitrockner.com\/index.php\/impressum\/\" \/>\n<meta property=\"og:locale\" content=\"de_DE\" \/>\n<meta property=\"og:type\" content=\"article\" \/>\n<meta property=\"og:title\" content=\"Impressum - Bikinitrockner\" \/>\n<meta property=\"og:description\" content=\"Angaben gem\u00e4\u00df Informationspflicht laut \u00a75 E-Commerce Gesetz, \u00a714 Unternehmensgesetzbuch, \u00a763 Gewerbeordnung und Offenlegungspflicht laut \u00a725 Mediengesetz. Baldauf Invest GmbH Untergiblen 36, 6652 Elbigenalp, AUSTRIA Unternehmensgegenstand: Investition, Handel UID-Nummer: ATU80456169 Firmenbuchnummer: 271 553v Firmenbuchgericht: Innsbruck Firmensitz: 6652 Elbigenalp Tel.: +43 664 4503895 E-Mail: info@bikinitrockner.com Mitglied bei: WKO, Landesinnung, etc. Berufsrecht: Gewerbeordnung: [&hellip;]\" \/>\n<meta property=\"og:url\" content=\"https:\/\/bikinitrockner.com\/index.php\/impressum\/\" \/>\n<meta property=\"og:site_name\" content=\"Bikinitrockner\" \/>\n<meta property=\"article:modified_time\" content=\"2024-05-23T10:09:17+00:00\" \/>\n<meta property=\"og:image\" content=\"https:\/\/bikinitrockner.com\/wp-content\/uploads\/2023\/10\/bikini_banner_NEU_06-scaled.jpg\" \/>\n\t<meta property=\"og:image:width\" content=\"2560\" \/>\n\t<meta property=\"og:image:height\" content=\"963\" \/>\n\t<meta property=\"og:image:type\" content=\"image\/jpeg\" \/>\n<meta name=\"twitter:card\" content=\"summary_large_image\" \/>\n<meta name=\"twitter:label1\" content=\"Gesch\u00e4tzte Lesezeit\" \/>\n\t<meta name=\"twitter:data1\" content=\"3\u00a0Minuten\" \/>\n<script type=\"application\/ld+json\" class=\"yoast-schema-graph\">{\"@context\":\"https:\\\/\\\/schema.org\",\"@graph\":[{\"@type\":\"WebPage\",\"@id\":\"https:\\\/\\\/bikinitrockner.com\\\/index.php\\\/impressum\\\/\",\"url\":\"https:\\\/\\\/bikinitrockner.com\\\/index.php\\\/impressum\\\/\",\"name\":\"Impressum - Bikinitrockner\",\"isPartOf\":{\"@id\":\"https:\\\/\\\/bikinitrockner.com\\\/#website\"},\"primaryImageOfPage\":{\"@id\":\"https:\\\/\\\/bikinitrockner.com\\\/index.php\\\/impressum\\\/#primaryimage\"},\"image\":{\"@id\":\"https:\\\/\\\/bikinitrockner.com\\\/index.php\\\/impressum\\\/#primaryimage\"},\"thumbnailUrl\":\"https:\\\/\\\/bikinitrockner.com\\\/wp-content\\\/uploads\\\/2023\\\/10\\\/bikini_banner_NEU_06-scaled.jpg\",\"datePublished\":\"2023-08-28T15:34:25+00:00\",\"dateModified\":\"2024-05-23T10:09:17+00:00\",\"breadcrumb\":{\"@id\":\"https:\\\/\\\/bikinitrockner.com\\\/index.php\\\/impressum\\\/#breadcrumb\"},\"inLanguage\":\"de\",\"potentialAction\":[{\"@type\":\"ReadAction\",\"target\":[\"https:\\\/\\\/bikinitrockner.com\\\/index.php\\\/impressum\\\/\"]}]},{\"@type\":\"ImageObject\",\"inLanguage\":\"de\",\"@id\":\"https:\\\/\\\/bikinitrockner.com\\\/index.php\\\/impressum\\\/#primaryimage\",\"url\":\"https:\\\/\\\/bikinitrockner.com\\\/wp-content\\\/uploads\\\/2023\\\/10\\\/bikini_banner_NEU_06-scaled.jpg\",\"contentUrl\":\"https:\\\/\\\/bikinitrockner.com\\\/wp-content\\\/uploads\\\/2023\\\/10\\\/bikini_banner_NEU_06-scaled.jpg\",\"width\":2560,\"height\":963},{\"@type\":\"BreadcrumbList\",\"@id\":\"https:\\\/\\\/bikinitrockner.com\\\/index.php\\\/impressum\\\/#breadcrumb\",\"itemListElement\":[{\"@type\":\"ListItem\",\"position\":1,\"name\":\"Startseite\",\"item\":\"https:\\\/\\\/bikinitrockner.com\\\/\"},{\"@type\":\"ListItem\",\"position\":2,\"name\":\"Impressum\"}]},{\"@type\":\"WebSite\",\"@id\":\"https:\\\/\\\/bikinitrockner.com\\\/#website\",\"url\":\"https:\\\/\\\/bikinitrockner.com\\\/\",\"name\":\"Bikinitrockner - Die neue W\u00e4scheschleuder\",\"description\":\"Die neue W\u00e4scheschleuder\",\"publisher\":{\"@id\":\"https:\\\/\\\/bikinitrockner.com\\\/#organization\"},\"potentialAction\":[{\"@type\":\"SearchAction\",\"target\":{\"@type\":\"EntryPoint\",\"urlTemplate\":\"https:\\\/\\\/bikinitrockner.com\\\/?s={search_term_string}\"},\"query-input\":{\"@type\":\"PropertyValueSpecification\",\"valueRequired\":true,\"valueName\":\"search_term_string\"}}],\"inLanguage\":\"de\"},{\"@type\":\"Organization\",\"@id\":\"https:\\\/\\\/bikinitrockner.com\\\/#organization\",\"name\":\"Bikinitrockner - Die neue W\u00e4scheschleuder\",\"url\":\"https:\\\/\\\/bikinitrockner.com\\\/\",\"logo\":{\"@type\":\"ImageObject\",\"inLanguage\":\"de\",\"@id\":\"https:\\\/\\\/bikinitrockner.com\\\/#\\\/schema\\\/logo\\\/image\\\/\",\"url\":\"https:\\\/\\\/bikinitrockner.com\\\/wp-content\\\/uploads\\\/2023\\\/08\\\/Logo_Bikinitrockner.png\",\"contentUrl\":\"https:\\\/\\\/bikinitrockner.com\\\/wp-content\\\/uploads\\\/2023\\\/08\\\/Logo_Bikinitrockner.png\",\"width\":1773,\"height\":1064,\"caption\":\"Bikinitrockner - Die neue W\u00e4scheschleuder\"},\"image\":{\"@id\":\"https:\\\/\\\/bikinitrockner.com\\\/#\\\/schema\\\/logo\\\/image\\\/\"}}]}<\/script>\n<!-- \/ Yoast SEO plugin. -->","yoast_head_json":{"title":"Impressum - Bikinitrockner","robots":{"index":"index","follow":"follow","max-snippet":"max-snippet:-1","max-image-preview":"max-image-preview:large","max-video-preview":"max-video-preview:-1"},"canonical":"https:\/\/bikinitrockner.com\/index.php\/impressum\/","og_locale":"de_DE","og_type":"article","og_title":"Impressum - Bikinitrockner","og_description":"Angaben gem\u00e4\u00df Informationspflicht laut \u00a75 E-Commerce Gesetz, \u00a714 Unternehmensgesetzbuch, \u00a763 Gewerbeordnung und Offenlegungspflicht laut \u00a725 Mediengesetz. Baldauf Invest GmbH Untergiblen 36, 6652 Elbigenalp, AUSTRIA Unternehmensgegenstand: Investition, Handel UID-Nummer: ATU80456169 Firmenbuchnummer: 271 553v Firmenbuchgericht: Innsbruck Firmensitz: 6652 Elbigenalp Tel.: +43 664 4503895 E-Mail: info@bikinitrockner.com Mitglied bei: WKO, Landesinnung, etc. Berufsrecht: Gewerbeordnung: [&hellip;]","og_url":"https:\/\/bikinitrockner.com\/index.php\/impressum\/","og_site_name":"Bikinitrockner","article_modified_time":"2024-05-23T10:09:17+00:00","og_image":[{"width":2560,"height":963,"url":"https:\/\/bikinitrockner.com\/wp-content\/uploads\/2023\/10\/bikini_banner_NEU_06-scaled.jpg","type":"image\/jpeg"}],"twitter_card":"summary_large_image","twitter_misc":{"Gesch\u00e4tzte Lesezeit":"3\u00a0Minuten"},"schema":{"@context":"https:\/\/schema.org","@graph":[{"@type":"WebPage","@id":"https:\/\/bikinitrockner.com\/index.php\/impressum\/","url":"https:\/\/bikinitrockner.com\/index.php\/impressum\/","name":"Impressum - Bikinitrockner","isPartOf":{"@id":"https:\/\/bikinitrockner.com\/#website"},"primaryImageOfPage":{"@id":"https:\/\/bikinitrockner.com\/index.php\/impressum\/#primaryimage"},"image":{"@id":"https:\/\/bikinitrockner.com\/index.php\/impressum\/#primaryimage"},"thumbnailUrl":"https:\/\/bikinitrockner.com\/wp-content\/uploads\/2023\/10\/bikini_banner_NEU_06-scaled.jpg","datePublished":"2023-08-28T15:34:25+00:00","dateModified":"2024-05-23T10:09:17+00:00","breadcrumb":{"@id":"https:\/\/bikinitrockner.com\/index.php\/impressum\/#breadcrumb"},"inLanguage":"de","potentialAction":[{"@type":"ReadAction","target":["https:\/\/bikinitrockner.com\/index.php\/impressum\/"]}]},{"@type":"ImageObject","inLanguage":"de","@id":"https:\/\/bikinitrockner.com\/index.php\/impressum\/#primaryimage","url":"https:\/\/bikinitrockner.com\/wp-content\/uploads\/2023\/10\/bikini_banner_NEU_06-scaled.jpg","contentUrl":"https:\/\/bikinitrockner.com\/wp-content\/uploads\/2023\/10\/bikini_banner_NEU_06-scaled.jpg","width":2560,"height":963},{"@type":"BreadcrumbList","@id":"https:\/\/bikinitrockner.com\/index.php\/impressum\/#breadcrumb","itemListElement":[{"@type":"ListItem","position":1,"name":"Startseite","item":"https:\/\/bikinitrockner.com\/"},{"@type":"ListItem","position":2,"name":"Impressum"}]},{"@type":"WebSite","@id":"https:\/\/bikinitrockner.com\/#website","url":"https:\/\/bikinitrockner.com\/","name":"Bikinitrockner - Die neue W\u00e4scheschleuder","description":"Die neue W\u00e4scheschleuder","publisher":{"@id":"https:\/\/bikinitrockner.com\/#organization"},"potentialAction":[{"@type":"SearchAction","target":{"@type":"EntryPoint","urlTemplate":"https:\/\/bikinitrockner.com\/?s={search_term_string}"},"query-input":{"@type":"PropertyValueSpecification","valueRequired":true,"valueName":"search_term_string"}}],"inLanguage":"de"},{"@type":"Organization","@id":"https:\/\/bikinitrockner.com\/#organization","name":"Bikinitrockner - Die neue W\u00e4scheschleuder","url":"https:\/\/bikinitrockner.com\/","logo":{"@type":"ImageObject","inLanguage":"de","@id":"https:\/\/bikinitrockner.com\/#\/schema\/logo\/image\/","url":"https:\/\/bikinitrockner.com\/wp-content\/uploads\/2023\/08\/Logo_Bikinitrockner.png","contentUrl":"https:\/\/bikinitrockner.com\/wp-content\/uploads\/2023\/08\/Logo_Bikinitrockner.png","width":1773,"height":1064,"caption":"Bikinitrockner - Die neue W\u00e4scheschleuder"},"image":{"@id":"https:\/\/bikinitrockner.com\/#\/schema\/logo\/image\/"}}]}},"jetpack_sharing_enabled":true,"_links":{"self":[{"href":"https:\/\/bikinitrockner.com\/index.php\/wp-json\/wp\/v2\/pages\/15","targetHints":{"allow":["GET"]}}],"collection":[{"href":"https:\/\/bikinitrockner.com\/index.php\/wp-json\/wp\/v2\/pages"}],"about":[{"href":"https:\/\/bikinitrockner.com\/index.php\/wp-json\/wp\/v2\/types\/page"}],"author":[{"embeddable":true,"href":"https:\/\/bikinitrockner.com\/index.php\/wp-json\/wp\/v2\/users\/3"}],"replies":[{"embeddable":true,"href":"https:\/\/bikinitrockner.com\/index.php\/wp-json\/wp\/v2\/comments?post=15"}],"version-history":[{"count":7,"href":"https:\/\/bikinitrockner.com\/index.php\/wp-json\/wp\/v2\/pages\/15\/revisions"}],"predecessor-version":[{"id":773,"href":"https:\/\/bikinitrockner.com\/index.php\/wp-json\/wp\/v2\/pages\/15\/revisions\/773"}],"wp:featuredmedia":[{"embeddable":true,"href":"https:\/\/bikinitrockner.com\/index.php\/wp-json\/wp\/v2\/media\/538"}],"wp:attachment":[{"href":"https:\/\/bikinitrockner.com\/index.php\/wp-json\/wp\/v2\/media?parent=15"}],"curies":[{"name":"wp","href":"https:\/\/api.w.org\/{rel}","templated":true}]}}